{"id":809,"date":"2025-05-05T17:24:26","date_gmt":"2025-05-05T20:24:26","guid":{"rendered":"https:\/\/daslatam.org\/daslatam\/?page_id=809"},"modified":"2025-05-05T17:24:26","modified_gmt":"2025-05-05T20:24:26","slug":"politica-de-cookies","status":"publish","type":"page","link":"https:\/\/daslatam.org\/daslatam\/politica-de-cookies\/","title":{"rendered":"Pol\u00edtica de Cookies"},"content":{"rendered":"\n<p>Pol\u00edtica de Cookies de DAS LATAM<\/p>\n\n\n\n<p>\u00daltima actualizaci\u00f3n: 02 de mayo 2025<\/p>\n\n\n\n<ol class=\"wp-block-list\">\n<li>\u00bfQu\u00e9 son las cookies?<\/li>\n<\/ol>\n\n\n\n<p>Las cookies son peque\u00f1os archivos de texto que los sitios web colocan en tu dispositivo al navegar por internet. Estas permiten recordar tus preferencias y mejorar tu experiencia de usuario.<\/p>\n\n\n\n<ol start=\"2\" class=\"wp-block-list\">\n<li>\u00bfQu\u00e9 tipos de cookies utilizamos?<\/li>\n<\/ol>\n\n\n\n<p>En www.daslatam.org utilizamos los siguientes tipos de cookies:<\/p>\n\n\n\n<p>Cookies estrictamente necesarias: Son esenciales para el funcionamiento del sitio y no pueden ser desactivadas.<\/p>\n\n\n\n<p>Cookies de rendimiento: Nos ayudan a entender c\u00f3mo los usuarios interact\u00faan con el sitio, recopilando informaci\u00f3n de forma an\u00f3nima.<\/p>\n\n\n\n<p>Cookies de funcionalidad: Permiten recordar tus preferencias y personalizar tu experiencia en el sitio.<\/p>\n\n\n\n<p>Cookies de publicidad: Utilizadas para mostrar anuncios relevantes para ti, basados en tus intereses.<\/p>\n\n\n\n<ol start=\"3\" class=\"wp-block-list\">\n<li>\u00bfC\u00f3mo puedes gestionar las cookies?<\/li>\n<\/ol>\n\n\n\n<p>Puedes configurar tu navegador para aceptar o rechazar cookies. A continuaci\u00f3n, te indicamos c\u00f3mo hacerlo en los navegadores m\u00e1s comunes:<\/p>\n\n\n\n<p>Google Chrome:<\/p>\n\n\n\n<p>Haz clic en los tres puntos en la esquina superior derecha y selecciona \u00abConfiguraci\u00f3n\u00bb.<\/p>\n\n\n\n<p>Ve a \u00abPrivacidad y seguridad\u00bb y luego a \u00abCookies y otros datos de sitios\u00bb.<\/p>\n\n\n\n<p>Selecciona la opci\u00f3n que prefieras.<\/p>\n\n\n\n<p>Mozilla Firefox:<\/p>\n\n\n\n<p>Haz clic en las tres l\u00edneas en la esquina superior derecha y selecciona \u00abOpciones\u00bb.<\/p>\n\n\n\n<p>Ve a \u00abPrivacidad y seguridad\u00bb y ajusta la configuraci\u00f3n de cookies en la secci\u00f3n correspondiente.<\/p>\n\n\n\n<p>Microsoft Edge:<\/p>\n\n\n\n<p>Haz clic en los tres puntos en la esquina superior derecha y selecciona \u00abConfiguraci\u00f3n\u00bb.<\/p>\n\n\n\n<p>Ve a \u00abCookies y permisos del sitio\u00bb y ajusta las opciones seg\u00fan tus preferencias.<\/p>\n\n\n\n<p>Safari:<\/p>\n\n\n\n<p>Ve a \u00abPreferencias\u00bb y luego a \u00abPrivacidad\u00bb.<\/p>\n\n\n\n<p>Ajusta la configuraci\u00f3n de cookies seg\u00fan tus preferencias.<\/p>\n\n\n\n<ol start=\"4\" class=\"wp-block-list\">\n<li>Cambios en la Pol\u00edtica de Cookies<\/li>\n<\/ol>\n\n\n\n<p>Podemos actualizar esta Pol\u00edtica de Cookies en cualquier momento. Te recomendamos revisarla peri\u00f3dicamente para estar informado sobre c\u00f3mo utilizamos las cookies.<\/p>\n\n\n\n<ol start=\"5\" class=\"wp-block-list\">\n<li>Contacto<\/li>\n<\/ol>\n\n\n\n<p>Si tienes preguntas sobre nuestra Pol\u00edtica de Cookies, puedes contactarnos a trav\u00e9s de info@daslatam.org.<\/p>\n\n\n\n<p><\/p>\n","protected":false},"excerpt":{"rendered":"<p>Pol\u00edtica de Cookies de DAS LATAM \u00daltima actualizaci\u00f3n: 02 de mayo 2025 Las cookies son peque\u00f1os archivos de texto que [&hellip;]<\/p>\n","protected":false},"author":2,"featured_media":0,"parent":0,"menu_order":0,"comment_status":"closed","ping_status":"closed","template":"","meta":{"googlesitekit_rrm_CAow1aHbCw:productID":"","site-sidebar-layout":"default","site-content-layout":"","ast-site-content-layout":"default","site-content-style":"default","site-sidebar-style":"default","ast-global-header-display":"","ast-banner-title-visibility":"","ast-main-header-display":"","ast-hfb-above-header-display":"","ast-hfb-below-header-display":"","ast-hfb-mobile-header-display":"","site-post-title":"","ast-breadcrumbs-content":"","ast-featured-img":"","footer-sml-layout":"","ast-disable-related-posts":"","theme-transparent-header-meta":"","adv-header-id-meta":"","stick-header-meta":"","header-above-stick-meta":"","header-main-stick-meta":"","header-below-stick-meta":"","astra-migrate-meta-layouts":"default","ast-page-background-enabled":"default","ast-page-background-meta":{"desktop":{"background-color":"var(--ast-global-color-5)","background-image":"","background-repeat":"repeat","background-position":"center center","background-size":"auto","background-attachment":"scroll","background-type":"","background-media":"","overlay-type":"","overlay-color":"","overlay-opacity":"","overlay-gradient":""},"tablet":{"background-color":"","background-image":"","background-repeat":"repeat","background-position":"center center","background-size":"auto","background-attachment":"scroll","background-type":"","background-media":"","overlay-type":"","overlay-color":"","overlay-opacity":"","overlay-gradient":""},"mobile":{"background-color":"","background-image":"","background-repeat":"repeat","background-position":"center center","background-size":"auto","background-attachment":"scroll","background-type":"","background-media":"","overlay-type":"","overlay-color":"","overlay-opacity":"","overlay-gradient":""}},"ast-content-background-meta":{"desktop":{"background-color":"var(--ast-global-color-4)","background-image":"","background-repeat":"repeat","background-position":"center center","background-size":"auto","background-attachment":"scroll","background-type":"","background-media":"","overlay-type":"","overlay-color":"","overlay-opacity":"","overlay-gradient":""},"tablet":{"background-color":"var(--ast-global-color-4)","background-image":"","background-repeat":"repeat","background-position":"center center","background-size":"auto","background-attachment":"scroll","background-type":"","background-media":"","overlay-type":"","overlay-color":"","overlay-opacity":"","overlay-gradient":""},"mobile":{"background-color":"var(--ast-global-color-4)","background-image":"","background-repeat":"repeat","background-position":"center center","background-size":"auto","background-attachment":"scroll","background-type":"","background-media":"","overlay-type":"","overlay-color":"","overlay-opacity":"","overlay-gradient":""}},"footnotes":""},"class_list":["post-809","page","type-page","status-publish","hentry"],"_links":{"self":[{"href":"https:\/\/daslatam.org\/daslatam\/wp-json\/wp\/v2\/pages\/809","targetHints":{"allow":["GET"]}}],"collection":[{"href":"https:\/\/daslatam.org\/daslatam\/wp-json\/wp\/v2\/pages"}],"about":[{"href":"https:\/\/daslatam.org\/daslatam\/wp-json\/wp\/v2\/types\/page"}],"author":[{"embeddable":true,"href":"https:\/\/daslatam.org\/daslatam\/wp-json\/wp\/v2\/users\/2"}],"replies":[{"embeddable":true,"href":"https:\/\/daslatam.org\/daslatam\/wp-json\/wp\/v2\/comments?post=809"}],"version-history":[{"count":1,"href":"https:\/\/daslatam.org\/daslatam\/wp-json\/wp\/v2\/pages\/809\/revisions"}],"predecessor-version":[{"id":810,"href":"https:\/\/daslatam.org\/daslatam\/wp-json\/wp\/v2\/pages\/809\/revisions\/810"}],"wp:attachment":[{"href":"https:\/\/daslatam.org\/daslatam\/wp-json\/wp\/v2\/media?parent=809"}],"curies":[{"name":"wp","href":"https:\/\/api.w.org\/{rel}","templated":true}]}}