{"id":795,"date":"2025-05-05T17:01:25","date_gmt":"2025-05-05T20:01:25","guid":{"rendered":"https:\/\/daslatam.org\/daslatam\/?page_id=795"},"modified":"2025-05-05T17:04:22","modified_gmt":"2025-05-05T20:04:22","slug":"aplicaciones","status":"publish","type":"page","link":"https:\/\/daslatam.org\/daslatam\/aplicaciones\/","title":{"rendered":"Aplicaciones"},"content":{"rendered":"\n<h3 class=\"wp-block-heading\">HDR &#8211; Herramienta para el diagn\u00f3stico y recomendaciones<\/h3>\n\n\n\n<figure class=\"wp-block-image aligncenter size-large\"><img loading=\"lazy\" decoding=\"async\" width=\"1024\" height=\"433\" src=\"https:\/\/daslatam.org\/daslatam\/wp-content\/uploads\/2025\/05\/HDR-1024x433.png\" alt=\"\" class=\"wp-image-796\" srcset=\"https:\/\/daslatam.org\/daslatam\/wp-content\/uploads\/2025\/05\/HDR-1024x433.png 1024w, https:\/\/daslatam.org\/daslatam\/wp-content\/uploads\/2025\/05\/HDR-300x127.png 300w, https:\/\/daslatam.org\/daslatam\/wp-content\/uploads\/2025\/05\/HDR-768x324.png 768w, https:\/\/daslatam.org\/daslatam\/wp-content\/uploads\/2025\/05\/HDR-1536x649.png 1536w, https:\/\/daslatam.org\/daslatam\/wp-content\/uploads\/2025\/05\/HDR-2048x865.png 2048w\" sizes=\"auto, (max-width: 1024px) 100vw, 1024px\" \/><\/figure>\n\n\n\n<p class=\"has-medium-font-size\">HDR &#8211; Herramienta para el diagn\u00f3stico y recomendaciones que permitan el desarrollo y\/o el fortalecimiento de sistemas de administraci\u00f3n financiera de los gobiernos subnacionales de argentina, principalmente en los Municipios, que contengan el herramental metodol\u00f3gico y tecnol\u00f3gico necesario para permitir el etiquetado de cambio clim\u00e1tico y sostenibilidad en los procesos de formulaci\u00f3n y evaluaci\u00f3n presupuestaria.<br><br>Desarrollada con AppSheet de Google<\/p>\n\n\n\n<p><\/p>\n\n\n\n<p><\/p>\n","protected":false},"excerpt":{"rendered":"<p>HDR &#8211; Herramienta para el diagn\u00f3stico y recomendaciones HDR &#8211; Herramienta para el diagn\u00f3stico y recomendaciones que permitan el desarrollo [&hellip;]<\/p>\n","protected":false},"author":2,"featured_media":0,"parent":0,"menu_order":0,"comment_status":"closed","ping_status":"closed","template":"","meta":{"googlesitekit_rrm_CAow1aHbCw:productID":"","site-sidebar-layout":"default","site-content-layout":"","ast-site-content-layout":"default","site-content-style":"default","site-sidebar-style":"default","ast-global-header-display":"","ast-banner-title-visibility":"","ast-main-header-display":"","ast-hfb-above-header-display":"","ast-hfb-below-header-display":"","ast-hfb-mobile-header-display":"","site-post-title":"","ast-breadcrumbs-content":"","ast-featured-img":"","footer-sml-layout":"","ast-disable-related-posts":"","theme-transparent-header-meta":"","adv-header-id-meta":"","stick-header-meta":"","header-above-stick-meta":"","header-main-stick-meta":"","header-below-stick-meta":"","astra-migrate-meta-layouts":"default","ast-page-background-enabled":"default","ast-page-background-meta":{"desktop":{"background-color":"var(--ast-global-color-5)","background-image":"","background-repeat":"repeat","background-position":"center center","background-size":"auto","background-attachment":"scroll","background-type":"","background-media":"","overlay-type":"","overlay-color":"","overlay-opacity":"","overlay-gradient":""},"tablet":{"background-color":"","background-image":"","background-repeat":"repeat","background-position":"center center","background-size":"auto","background-attachment":"scroll","background-type":"","background-media":"","overlay-type":"","overlay-color":"","overlay-opacity":"","overlay-gradient":""},"mobile":{"background-color":"","background-image":"","background-repeat":"repeat","background-position":"center center","background-size":"auto","background-attachment":"scroll","background-type":"","background-media":"","overlay-type":"","overlay-color":"","overlay-opacity":"","overlay-gradient":""}},"ast-content-background-meta":{"desktop":{"background-color":"var(--ast-global-color-4)","background-image":"","background-repeat":"repeat","background-position":"center center","background-size":"auto","background-attachment":"scroll","background-type":"","background-media":"","overlay-type":"","overlay-color":"","overlay-opacity":"","overlay-gradient":""},"tablet":{"background-color":"var(--ast-global-color-4)","background-image":"","background-repeat":"repeat","background-position":"center center","background-size":"auto","background-attachment":"scroll","background-type":"","background-media":"","overlay-type":"","overlay-color":"","overlay-opacity":"","overlay-gradient":""},"mobile":{"background-color":"var(--ast-global-color-4)","background-image":"","background-repeat":"repeat","background-position":"center center","background-size":"auto","background-attachment":"scroll","background-type":"","background-media":"","overlay-type":"","overlay-color":"","overlay-opacity":"","overlay-gradient":""}},"footnotes":""},"class_list":["post-795","page","type-page","status-publish","hentry"],"_links":{"self":[{"href":"https:\/\/daslatam.org\/daslatam\/wp-json\/wp\/v2\/pages\/795","targetHints":{"allow":["GET"]}}],"collection":[{"href":"https:\/\/daslatam.org\/daslatam\/wp-json\/wp\/v2\/pages"}],"about":[{"href":"https:\/\/daslatam.org\/daslatam\/wp-json\/wp\/v2\/types\/page"}],"author":[{"embeddable":true,"href":"https:\/\/daslatam.org\/daslatam\/wp-json\/wp\/v2\/users\/2"}],"replies":[{"embeddable":true,"href":"https:\/\/daslatam.org\/daslatam\/wp-json\/wp\/v2\/comments?post=795"}],"version-history":[{"count":3,"href":"https:\/\/daslatam.org\/daslatam\/wp-json\/wp\/v2\/pages\/795\/revisions"}],"predecessor-version":[{"id":800,"href":"https:\/\/daslatam.org\/daslatam\/wp-json\/wp\/v2\/pages\/795\/revisions\/800"}],"wp:attachment":[{"href":"https:\/\/daslatam.org\/daslatam\/wp-json\/wp\/v2\/media?parent=795"}],"curies":[{"name":"wp","href":"https:\/\/api.w.org\/{rel}","templated":true}]}}