{"id":787,"date":"2025-05-05T16:49:07","date_gmt":"2025-05-05T19:49:07","guid":{"rendered":"https:\/\/daslatam.org\/daslatam\/?page_id=787"},"modified":"2025-05-05T16:52:43","modified_gmt":"2025-05-05T19:52:43","slug":"das-latam-app","status":"publish","type":"page","link":"https:\/\/daslatam.org\/daslatam\/das-latam-app\/","title":{"rendered":"DAS LATAM app"},"content":{"rendered":"\n<h3 class=\"wp-block-heading\">DAS Latam APP tiene como Objetivo Identificar la Oferta de financiamiento internacional susceptible de financiar las iniciativa provinciales y\/o municipales (Cartera), Identificar y pre formular proyectos de inter\u00e9s (Demanda) para Elaborar un plan de acci\u00f3n y\/o estrat\u00e9gico para as\u00ed vincular con las Unidades Ejecutoras de los pr\u00e9stamos<\/h3>\n\n\n\n<figure class=\"wp-block-image aligncenter size-large\"><a href=\"https:\/\/www.appsheet.com\/start\/4703e687-7579-4524-b33a-310331479c7d\" target=\"_blank\" rel=\" noreferrer noopener\"><img loading=\"lazy\" decoding=\"async\" width=\"1024\" height=\"415\" src=\"https:\/\/daslatam.org\/daslatam\/wp-content\/uploads\/2025\/05\/DASLATAM_APP-1024x415.png\" alt=\"\" class=\"wp-image-788\" srcset=\"https:\/\/daslatam.org\/daslatam\/wp-content\/uploads\/2025\/05\/DASLATAM_APP-1024x415.png 1024w, https:\/\/daslatam.org\/daslatam\/wp-content\/uploads\/2025\/05\/DASLATAM_APP-300x122.png 300w, https:\/\/daslatam.org\/daslatam\/wp-content\/uploads\/2025\/05\/DASLATAM_APP-768x311.png 768w, https:\/\/daslatam.org\/daslatam\/wp-content\/uploads\/2025\/05\/DASLATAM_APP-1536x622.png 1536w, https:\/\/daslatam.org\/daslatam\/wp-content\/uploads\/2025\/05\/DASLATAM_APP.png 1990w\" sizes=\"auto, (max-width: 1024px) 100vw, 1024px\" \/><\/a><\/figure>\n\n\n\n<p class=\"has-text-align-center has-medium-font-size\"><a href=\"https:\/\/www.appsheet.com\/start\/4703e687-7579-4524-b33a-310331479c7d\" target=\"_blank\" rel=\"noreferrer noopener\"><strong>&gt;&gt;&gt;Ingresar a la aplicaci\u00f3n&lt;&lt;&lt; <\/strong><\/a><\/p>\n\n\n\n<p class=\"has-text-align-center has-small-font-size\">*Para ingresar a la aplicaci\u00f3n debe enviarnos una direcci\u00f3n de correo-e con el dominio @gmail.com y se dara acceso<\/p>\n\n\n\n<p><\/p>\n","protected":false},"excerpt":{"rendered":"<p>DAS Latam APP tiene como Objetivo Identificar la Oferta de financiamiento internacional susceptible de financiar las iniciativa provinciales y\/o municipales [&hellip;]<\/p>\n","protected":false},"author":2,"featured_media":0,"parent":0,"menu_order":0,"comment_status":"closed","ping_status":"closed","template":"","meta":{"googlesitekit_rrm_CAow1aHbCw:productID":"","site-sidebar-layout":"default","site-content-layout":"","ast-site-content-layout":"default","site-content-style":"default","site-sidebar-style":"default","ast-global-header-display":"","ast-banner-title-visibility":"","ast-main-header-display":"","ast-hfb-above-header-display":"","ast-hfb-below-header-display":"","ast-hfb-mobile-header-display":"","site-post-title":"","ast-breadcrumbs-content":"","ast-featured-img":"","footer-sml-layout":"","ast-disable-related-posts":"","theme-transparent-header-meta":"","adv-header-id-meta":"","stick-header-meta":"","header-above-stick-meta":"","header-main-stick-meta":"","header-below-stick-meta":"","astra-migrate-meta-layouts":"default","ast-page-background-enabled":"default","ast-page-background-meta":{"desktop":{"background-color":"var(--ast-global-color-5)","background-image":"","background-repeat":"repeat","background-position":"center center","background-size":"auto","background-attachment":"scroll","background-type":"","background-media":"","overlay-type":"","overlay-color":"","overlay-opacity":"","overlay-gradient":""},"tablet":{"background-color":"","background-image":"","background-repeat":"repeat","background-position":"center center","background-size":"auto","background-attachment":"scroll","background-type":"","background-media":"","overlay-type":"","overlay-color":"","overlay-opacity":"","overlay-gradient":""},"mobile":{"background-color":"","background-image":"","background-repeat":"repeat","background-position":"center center","background-size":"auto","background-attachment":"scroll","background-type":"","background-media":"","overlay-type":"","overlay-color":"","overlay-opacity":"","overlay-gradient":""}},"ast-content-background-meta":{"desktop":{"background-color":"var(--ast-global-color-4)","background-image":"","background-repeat":"repeat","background-position":"center center","background-size":"auto","background-attachment":"scroll","background-type":"","background-media":"","overlay-type":"","overlay-color":"","overlay-opacity":"","overlay-gradient":""},"tablet":{"background-color":"var(--ast-global-color-4)","background-image":"","background-repeat":"repeat","background-position":"center center","background-size":"auto","background-attachment":"scroll","background-type":"","background-media":"","overlay-type":"","overlay-color":"","overlay-opacity":"","overlay-gradient":""},"mobile":{"background-color":"var(--ast-global-color-4)","background-image":"","background-repeat":"repeat","background-position":"center center","background-size":"auto","background-attachment":"scroll","background-type":"","background-media":"","overlay-type":"","overlay-color":"","overlay-opacity":"","overlay-gradient":""}},"footnotes":""},"class_list":["post-787","page","type-page","status-publish","hentry"],"_links":{"self":[{"href":"https:\/\/daslatam.org\/daslatam\/wp-json\/wp\/v2\/pages\/787","targetHints":{"allow":["GET"]}}],"collection":[{"href":"https:\/\/daslatam.org\/daslatam\/wp-json\/wp\/v2\/pages"}],"about":[{"href":"https:\/\/daslatam.org\/daslatam\/wp-json\/wp\/v2\/types\/page"}],"author":[{"embeddable":true,"href":"https:\/\/daslatam.org\/daslatam\/wp-json\/wp\/v2\/users\/2"}],"replies":[{"embeddable":true,"href":"https:\/\/daslatam.org\/daslatam\/wp-json\/wp\/v2\/comments?post=787"}],"version-history":[{"count":4,"href":"https:\/\/daslatam.org\/daslatam\/wp-json\/wp\/v2\/pages\/787\/revisions"}],"predecessor-version":[{"id":793,"href":"https:\/\/daslatam.org\/daslatam\/wp-json\/wp\/v2\/pages\/787\/revisions\/793"}],"wp:attachment":[{"href":"https:\/\/daslatam.org\/daslatam\/wp-json\/wp\/v2\/media?parent=787"}],"curies":[{"name":"wp","href":"https:\/\/api.w.org\/{rel}","templated":true}]}}