{"id":7,"date":"2022-10-04T22:21:45","date_gmt":"2022-10-05T01:21:45","guid":{"rendered":"https:\/\/hiox.com.ar\/das\/?page_id=7"},"modified":"2025-05-06T00:05:40","modified_gmt":"2025-05-06T03:05:40","slug":"sectores-2","status":"publish","type":"page","link":"https:\/\/daslatam.org\/daslatam\/sectores-2\/","title":{"rendered":"Sectores"},"content":{"rendered":"\n<figure class=\"wp-block-image aligncenter size-full\"><a href=\"https:\/\/daslatam.org\/daslatam\/wp-content\/uploads\/2022\/10\/Captura-de-Pantalla-2022-10-22-a-las-22.37.21.png\"><img loading=\"lazy\" decoding=\"async\" width=\"987\" height=\"300\" src=\"https:\/\/daslatam.org\/daslatam\/wp-content\/uploads\/2022\/10\/Captura-de-Pantalla-2022-10-22-a-las-22.37.21.png\" alt=\"\" class=\"wp-image-313\" srcset=\"https:\/\/daslatam.org\/daslatam\/wp-content\/uploads\/2022\/10\/Captura-de-Pantalla-2022-10-22-a-las-22.37.21.png 987w, https:\/\/daslatam.org\/daslatam\/wp-content\/uploads\/2022\/10\/Captura-de-Pantalla-2022-10-22-a-las-22.37.21-300x91.png 300w, https:\/\/daslatam.org\/daslatam\/wp-content\/uploads\/2022\/10\/Captura-de-Pantalla-2022-10-22-a-las-22.37.21-768x233.png 768w, https:\/\/daslatam.org\/daslatam\/wp-content\/uploads\/2022\/10\/Captura-de-Pantalla-2022-10-22-a-las-22.37.21-500x152.png 500w\" sizes=\"auto, (max-width: 987px) 100vw, 987px\" \/><\/a><\/figure>\n\n\n\n<p class=\"has-medium-font-size\">Contamos con profesionales interdisciplinarios con formaci\u00f3n acad\u00e9mica de reconocimiento mundial. Docentes, Investigadores, Consultores con experiencia calificada en Programas con financiamiento internacionales que atienden diversas necesidades de gobiernos centrales, provinciales y municipales.<br><br>Hemos participado la formulaci\u00f3n, evaluaci\u00f3n y ejecuci\u00f3n de Programas con Financiamiento de Organismos Multilaterales de Cr\u00e9dito (principalmente BID) en Latinoam\u00e9rica en Colombia, Uruguay, Bolivia, Argentina, Paraguay<\/p>\n\n\n\n<h2 class=\"wp-block-heading\"><strong>Nuestros Sectores de Accion<\/strong><\/h2>\n\n\n<p class=\"aligncenter is-style-default wp-block-tag-cloud\"><a href=\"https:\/\/daslatam.org\/daslatam\/tag\/argentina\/\" class=\"tag-cloud-link tag-link-13 tag-link-position-1\" style=\"font-size: 27.980769230769pt;\" aria-label=\"Argentina (15 elementos)\">Argentina<span class=\"tag-link-count\"> (15)<\/span><\/a>\n<a href=\"https:\/\/daslatam.org\/daslatam\/tag\/bid\/\" class=\"tag-cloud-link tag-link-15 tag-link-position-2\" style=\"font-size: 30pt;\" aria-label=\"BID (21 elementos)\">BID<span class=\"tag-link-count\"> (21)<\/span><\/a>\n<a href=\"https:\/\/daslatam.org\/daslatam\/tag\/birf\/\" class=\"tag-cloud-link tag-link-16 tag-link-position-3\" style=\"font-size: 15pt;\" aria-label=\"BIRF (1 elemento)\">BIRF<span class=\"tag-link-count\"> (1)<\/span><\/a>\n<a href=\"https:\/\/daslatam.org\/daslatam\/tag\/cfi\/\" class=\"tag-cloud-link tag-link-36 tag-link-position-4\" style=\"font-size: 15pt;\" aria-label=\"CFI (1 elemento)\">CFI<span class=\"tag-link-count\"> (1)<\/span><\/a>\n<a href=\"https:\/\/daslatam.org\/daslatam\/tag\/colombia\/\" class=\"tag-cloud-link tag-link-18 tag-link-position-5\" style=\"font-size: 19.326923076923pt;\" aria-label=\"Colombia (3 elementos)\">Colombia<span class=\"tag-link-count\"> (3)<\/span><\/a>\n<a href=\"https:\/\/daslatam.org\/daslatam\/tag\/desarrollo\/\" class=\"tag-cloud-link tag-link-61 tag-link-position-6\" style=\"font-size: 15pt;\" aria-label=\"Desarrollo (1 elemento)\">Desarrollo<span class=\"tag-link-count\"> (1)<\/span><\/a>\n<a href=\"https:\/\/daslatam.org\/daslatam\/tag\/desarrollo-urbano\/\" class=\"tag-cloud-link tag-link-19 tag-link-position-7\" style=\"font-size: 17.596153846154pt;\" aria-label=\"Desarrollo Urbano (2 elementos)\">Desarrollo Urbano<span class=\"tag-link-count\"> (2)<\/span><\/a>\n<a href=\"https:\/\/daslatam.org\/daslatam\/tag\/ecuador\/\" class=\"tag-cloud-link tag-link-54 tag-link-position-8\" style=\"font-size: 15pt;\" aria-label=\"Ecuador (1 elemento)\">Ecuador<span class=\"tag-link-count\"> (1)<\/span><\/a>\n<a href=\"https:\/\/daslatam.org\/daslatam\/tag\/educacion\/\" class=\"tag-cloud-link tag-link-21 tag-link-position-9\" style=\"font-size: 25.096153846154pt;\" aria-label=\"Educacion (9 elementos)\">Educacion<span class=\"tag-link-count\"> (9)<\/span><\/a>\n<a href=\"https:\/\/daslatam.org\/daslatam\/tag\/fiscal\/\" class=\"tag-cloud-link tag-link-38 tag-link-position-10\" style=\"font-size: 21.923076923077pt;\" aria-label=\"Fiscal (5 elementos)\">Fiscal<span class=\"tag-link-count\"> (5)<\/span><\/a>\n<a href=\"https:\/\/daslatam.org\/daslatam\/tag\/fonplata\/\" class=\"tag-cloud-link tag-link-23 tag-link-position-11\" style=\"font-size: 15pt;\" aria-label=\"FONPLATA (1 elemento)\">FONPLATA<span class=\"tag-link-count\"> (1)<\/span><\/a>\n<a href=\"https:\/\/daslatam.org\/daslatam\/tag\/gcaba\/\" class=\"tag-cloud-link tag-link-37 tag-link-position-12\" style=\"font-size: 15pt;\" aria-label=\"GCABA (1 elemento)\">GCABA<span class=\"tag-link-count\"> (1)<\/span><\/a>\n<a href=\"https:\/\/daslatam.org\/daslatam\/tag\/gestion-fiscal\/\" class=\"tag-cloud-link tag-link-24 tag-link-position-13\" style=\"font-size: 15pt;\" aria-label=\"Gesti\u00f3n Fiscal (1 elemento)\">Gesti\u00f3n Fiscal<span class=\"tag-link-count\"> (1)<\/span><\/a>\n<a href=\"https:\/\/daslatam.org\/daslatam\/tag\/higiene-urbana\/\" class=\"tag-cloud-link tag-link-25 tag-link-position-14\" style=\"font-size: 15pt;\" aria-label=\"Higiene Urbana (1 elemento)\">Higiene Urbana<span class=\"tag-link-count\"> (1)<\/span><\/a>\n<a href=\"https:\/\/daslatam.org\/daslatam\/tag\/infraestructura\/\" class=\"tag-cloud-link tag-link-39 tag-link-position-15\" style=\"font-size: 15pt;\" aria-label=\"Infraestructura (1 elemento)\">Infraestructura<span class=\"tag-link-count\"> (1)<\/span><\/a>\n<a href=\"https:\/\/daslatam.org\/daslatam\/tag\/medio-ambiente\/\" class=\"tag-cloud-link tag-link-27 tag-link-position-16\" style=\"font-size: 15pt;\" aria-label=\"Medio Ambiente (1 elemento)\">Medio Ambiente<span class=\"tag-link-count\"> (1)<\/span><\/a>\n<a href=\"https:\/\/daslatam.org\/daslatam\/tag\/paraguay\/\" class=\"tag-cloud-link tag-link-28 tag-link-position-17\" style=\"font-size: 15pt;\" aria-label=\"Paraguay (1 elemento)\">Paraguay<span class=\"tag-link-count\"> (1)<\/span><\/a>\n<a href=\"https:\/\/daslatam.org\/daslatam\/tag\/pnud\/\" class=\"tag-cloud-link tag-link-42 tag-link-position-18\" style=\"font-size: 15pt;\" aria-label=\"PNUD (1 elemento)\">PNUD<span class=\"tag-link-count\"> (1)<\/span><\/a>\n<a href=\"https:\/\/daslatam.org\/daslatam\/tag\/presupuesto\/\" class=\"tag-cloud-link tag-link-44 tag-link-position-19\" style=\"font-size: 15pt;\" aria-label=\"Presupuesto (1 elemento)\">Presupuesto<span class=\"tag-link-count\"> (1)<\/span><\/a>\n<a href=\"https:\/\/daslatam.org\/daslatam\/tag\/productivo\/\" class=\"tag-cloud-link tag-link-41 tag-link-position-20\" style=\"font-size: 15pt;\" aria-label=\"Productivo (1 elemento)\">Productivo<span class=\"tag-link-count\"> (1)<\/span><\/a>\n<a href=\"https:\/\/daslatam.org\/daslatam\/tag\/proveedores\/\" class=\"tag-cloud-link tag-link-88 tag-link-position-21\" style=\"font-size: 15pt;\" aria-label=\"Proveedores (1 elemento)\">Proveedores<span class=\"tag-link-count\"> (1)<\/span><\/a>\n<a href=\"https:\/\/daslatam.org\/daslatam\/tag\/pymes\/\" class=\"tag-cloud-link tag-link-90 tag-link-position-22\" style=\"font-size: 17.596153846154pt;\" aria-label=\"PyMEs (2 elementos)\">PyMEs<span class=\"tag-link-count\"> (2)<\/span><\/a>\n<a href=\"https:\/\/daslatam.org\/daslatam\/tag\/reforma-del-estado\/\" class=\"tag-cloud-link tag-link-52 tag-link-position-23\" style=\"font-size: 15pt;\" aria-label=\"Reforma del Estado (1 elemento)\">Reforma del Estado<span class=\"tag-link-count\"> (1)<\/span><\/a>\n<a href=\"https:\/\/daslatam.org\/daslatam\/tag\/registros\/\" class=\"tag-cloud-link tag-link-89 tag-link-position-24\" style=\"font-size: 15pt;\" aria-label=\"Registros (1 elemento)\">Registros<span class=\"tag-link-count\"> (1)<\/span><\/a>\n<a href=\"https:\/\/daslatam.org\/daslatam\/tag\/salud\/\" class=\"tag-cloud-link tag-link-29 tag-link-position-25\" style=\"font-size: 19.326923076923pt;\" aria-label=\"Salud (3 elementos)\">Salud<span class=\"tag-link-count\"> (3)<\/span><\/a>\n<a href=\"https:\/\/daslatam.org\/daslatam\/tag\/tecnologia-tics\/\" class=\"tag-cloud-link tag-link-30 tag-link-position-26\" style=\"font-size: 24.375pt;\" aria-label=\"Tecnolog\u00eda (TICs) (8 elementos)\">Tecnolog\u00eda (TICs)<span class=\"tag-link-count\"> (8)<\/span><\/a>\n<a href=\"https:\/\/daslatam.org\/daslatam\/tag\/uruguay\/\" class=\"tag-cloud-link tag-link-31 tag-link-position-27\" style=\"font-size: 24.375pt;\" aria-label=\"Uruguay (8 elementos)\">Uruguay<span class=\"tag-link-count\"> (8)<\/span><\/a><\/p>\n\n\n<p class=\"has-text-align-center\">Seleccione alguno de nuestros sectores para visualizar los trabajos realzados<\/p>\n\n\n\n<p><\/p>\n","protected":false},"excerpt":{"rendered":"<p>Contamos con profesionales interdisciplinarios con formaci\u00f3n acad\u00e9mica de reconocimiento mundial. Docentes, Investigadores, Consultores con experiencia calificada en Programas con financiamiento [&hellip;]<\/p>\n","protected":false},"author":2,"featured_media":0,"parent":0,"menu_order":0,"comment_status":"closed","ping_status":"closed","template":"","meta":{"googlesitekit_rrm_CAow1aHbCw:productID":"","site-sidebar-layout":"default","site-content-layout":"","ast-site-content-layout":"default","site-content-style":"default","site-sidebar-style":"default","ast-global-header-display":"","ast-banner-title-visibility":"","ast-main-header-display":"","ast-hfb-above-header-display":"","ast-hfb-below-header-display":"","ast-hfb-mobile-header-display":"","site-post-title":"","ast-breadcrumbs-content":"","ast-featured-img":"","footer-sml-layout":"","ast-disable-related-posts":"","theme-transparent-header-meta":"","adv-header-id-meta":"","stick-header-meta":"","header-above-stick-meta":"","header-main-stick-meta":"","header-below-stick-meta":"","astra-migrate-meta-layouts":"default","ast-page-background-enabled":"default","ast-page-background-meta":{"desktop":{"background-color":"var(--ast-global-color-5)","background-image":"","background-repeat":"repeat","background-position":"center center","background-size":"auto","background-attachment":"scroll","background-type":"","background-media":"","overlay-type":"","overlay-color":"","overlay-opacity":"","overlay-gradient":""},"tablet":{"background-color":"","background-image":"","background-repeat":"repeat","background-position":"center center","background-size":"auto","background-attachment":"scroll","background-type":"","background-media":"","overlay-type":"","overlay-color":"","overlay-opacity":"","overlay-gradient":""},"mobile":{"background-color":"","background-image":"","background-repeat":"repeat","background-position":"center center","background-size":"auto","background-attachment":"scroll","background-type":"","background-media":"","overlay-type":"","overlay-color":"","overlay-opacity":"","overlay-gradient":""}},"ast-content-background-meta":{"desktop":{"background-color":"var(--ast-global-color-4)","background-image":"","background-repeat":"repeat","background-position":"center center","background-size":"auto","background-attachment":"scroll","background-type":"","background-media":"","overlay-type":"","overlay-color":"","overlay-opacity":"","overlay-gradient":""},"tablet":{"background-color":"var(--ast-global-color-4)","background-image":"","background-repeat":"repeat","background-position":"center center","background-size":"auto","background-attachment":"scroll","background-type":"","background-media":"","overlay-type":"","overlay-color":"","overlay-opacity":"","overlay-gradient":""},"mobile":{"background-color":"var(--ast-global-color-4)","background-image":"","background-repeat":"repeat","background-position":"center center","background-size":"auto","background-attachment":"scroll","background-type":"","background-media":"","overlay-type":"","overlay-color":"","overlay-opacity":"","overlay-gradient":""}},"footnotes":""},"class_list":["post-7","page","type-page","status-publish","hentry"],"_links":{"self":[{"href":"https:\/\/daslatam.org\/daslatam\/wp-json\/wp\/v2\/pages\/7","targetHints":{"allow":["GET"]}}],"collection":[{"href":"https:\/\/daslatam.org\/daslatam\/wp-json\/wp\/v2\/pages"}],"about":[{"href":"https:\/\/daslatam.org\/daslatam\/wp-json\/wp\/v2\/types\/page"}],"author":[{"embeddable":true,"href":"https:\/\/daslatam.org\/daslatam\/wp-json\/wp\/v2\/users\/2"}],"replies":[{"embeddable":true,"href":"https:\/\/daslatam.org\/daslatam\/wp-json\/wp\/v2\/comments?post=7"}],"version-history":[{"count":18,"href":"https:\/\/daslatam.org\/daslatam\/wp-json\/wp\/v2\/pages\/7\/revisions"}],"predecessor-version":[{"id":888,"href":"https:\/\/daslatam.org\/daslatam\/wp-json\/wp\/v2\/pages\/7\/revisions\/888"}],"wp:attachment":[{"href":"https:\/\/daslatam.org\/daslatam\/wp-json\/wp\/v2\/media?parent=7"}],"curies":[{"name":"wp","href":"https:\/\/api.w.org\/{rel}","templated":true}]}}