{"id":6,"date":"2022-10-04T22:21:45","date_gmt":"2022-10-05T01:21:45","guid":{"rendered":"https:\/\/hiox.com.ar\/das\/?page_id=6"},"modified":"2025-06-09T14:39:03","modified_gmt":"2025-06-09T17:39:03","slug":"servicios","status":"publish","type":"page","link":"https:\/\/daslatam.org\/daslatam\/servicios\/","title":{"rendered":"Servicios"},"content":{"rendered":"\n<div class=\"wp-block-media-text alignwide is-stacked-on-mobile is-image-fill-element\"><figure class=\"wp-block-media-text__media\"><img loading=\"lazy\" decoding=\"async\" width=\"1024\" height=\"680\" src=\"https:\/\/daslatam.org\/daslatam\/wp-content\/uploads\/2025\/06\/Captura-de-pantalla-2025-06-09-a-las-2.34.45\u202fp.-m-1024x680.png\" alt=\"Das Campus\" class=\"wp-image-993 size-full\" style=\"object-position:50% 50%\" srcset=\"https:\/\/daslatam.org\/daslatam\/wp-content\/uploads\/2025\/06\/Captura-de-pantalla-2025-06-09-a-las-2.34.45\u202fp.-m-1024x680.png 1024w, https:\/\/daslatam.org\/daslatam\/wp-content\/uploads\/2025\/06\/Captura-de-pantalla-2025-06-09-a-las-2.34.45\u202fp.-m-300x199.png 300w, https:\/\/daslatam.org\/daslatam\/wp-content\/uploads\/2025\/06\/Captura-de-pantalla-2025-06-09-a-las-2.34.45\u202fp.-m-768x510.png 768w, https:\/\/daslatam.org\/daslatam\/wp-content\/uploads\/2025\/06\/Captura-de-pantalla-2025-06-09-a-las-2.34.45\u202fp.-m-1536x1020.png 1536w, https:\/\/daslatam.org\/daslatam\/wp-content\/uploads\/2025\/06\/Captura-de-pantalla-2025-06-09-a-las-2.34.45\u202fp.-m.png 2038w\" sizes=\"auto, (max-width: 1024px) 100vw, 1024px\" \/><\/figure><div class=\"wp-block-media-text__content\">\n<h3 class=\"wp-block-heading has-text-align-left has-medium-font-size\"><strong>Formaci\u00f3n y Capacitaci\u00f3n para el Futuro<\/strong><\/h3>\n\n\n\n<p class=\"has-text-align-left has-medium-font-size\">Con DAS Campus impulsamos espacios de formaci\u00f3n virtual y presencial para personas, empresas e instituciones. Ofrecemos cursos, talleres y contenidos para el desarrollo profesional y social en Am\u00e9rica Latina. <a href=\"https:\/\/daslatam.org\/dascampus\" target=\"_blank\" rel=\"noreferrer noopener\">Conoc\u00e9 m\u00e1s \u2192<\/a><\/p>\n\n\n\n<p class=\"has-text-align-left has-medium-font-size\"><\/p>\n<\/div><\/div>\n\n\n\n<hr class=\"wp-block-separator has-alpha-channel-opacity is-style-wide\"\/>\n\n\n\n<div class=\"wp-block-media-text alignwide is-stacked-on-mobile is-image-fill-element\"><figure class=\"wp-block-media-text__media\"><img loading=\"lazy\" decoding=\"async\" width=\"889\" height=\"667\" src=\"https:\/\/daslatam.org\/daslatam\/wp-content\/uploads\/2022\/10\/IyA.webp\" alt=\"\" class=\"wp-image-107 size-full\" style=\"object-position:50% 50%\" srcset=\"https:\/\/daslatam.org\/daslatam\/wp-content\/uploads\/2022\/10\/IyA.webp 889w, https:\/\/daslatam.org\/daslatam\/wp-content\/uploads\/2022\/10\/IyA-300x225.webp 300w, https:\/\/daslatam.org\/daslatam\/wp-content\/uploads\/2022\/10\/IyA-768x576.webp 768w, https:\/\/daslatam.org\/daslatam\/wp-content\/uploads\/2022\/10\/IyA-400x300.webp 400w\" sizes=\"auto, (max-width: 889px) 100vw, 889px\" \/><\/figure><div class=\"wp-block-media-text__content\">\n<h3 class=\"wp-block-heading has-text-align-left has-medium-font-size\"><strong>Investigaci\u00f3n y asesoramiento anal\u00edtico<\/strong><\/h3>\n\n\n\n<p class=\"has-text-align-left has-medium-font-size\">Investigaci\u00f3n cualitativa y cuantitativa. Desarrollo de pol\u00edticas, formulaci\u00f3n y estrategias. An\u00e1lisis, Modelado y Evaluaci\u00f3n de Impacto. Monitoreo, Evaluaci\u00f3n y Aprendizaje.<\/p>\n<\/div><\/div>\n\n\n\n<hr class=\"wp-block-separator has-alpha-channel-opacity is-style-wide\"\/>\n\n\n\n<div class=\"wp-block-media-text alignwide is-stacked-on-mobile is-image-fill-element\"><figure class=\"wp-block-media-text__media\"><img loading=\"lazy\" decoding=\"async\" width=\"756\" height=\"457\" src=\"https:\/\/daslatam.org\/daslatam\/wp-content\/uploads\/2022\/10\/cambio.jpeg\" alt=\"\" class=\"wp-image-108 size-full\" style=\"object-position:50% 50%\" srcset=\"https:\/\/daslatam.org\/daslatam\/wp-content\/uploads\/2022\/10\/cambio.jpeg 756w, https:\/\/daslatam.org\/daslatam\/wp-content\/uploads\/2022\/10\/cambio-300x181.jpeg 300w, https:\/\/daslatam.org\/daslatam\/wp-content\/uploads\/2022\/10\/cambio-496x300.jpeg 496w\" sizes=\"auto, (max-width: 756px) 100vw, 756px\" \/><\/figure><div class=\"wp-block-media-text__content\">\n<h3 class=\"wp-block-heading has-medium-font-size\"><strong>Gestionar y comunicar el cambio<\/strong><\/h3>\n\n\n\n<p class=\"has-medium-font-size\">Asistencia t\u00e9cnica. Gesti\u00f3n de programas. Apoyo de Secretar\u00eda. Gesti\u00f3n de Contratos Marco. Supervisi\u00f3n del rendimiento. Capacitaci\u00f3n, aprendizaje y desarrollo de capacidades.<\/p>\n<\/div><\/div>\n\n\n\n<hr class=\"wp-block-separator has-alpha-channel-opacity is-style-wide\"\/>\n\n\n\n<div class=\"wp-block-media-text alignwide is-stacked-on-mobile is-image-fill-element\"><figure class=\"wp-block-media-text__media\"><img loading=\"lazy\" decoding=\"async\" width=\"1024\" height=\"654\" src=\"https:\/\/daslatam.org\/daslatam\/wp-content\/uploads\/2022\/10\/marketing.jpeg\" alt=\"\" class=\"wp-image-109 size-full\" style=\"object-position:50% 50%\" srcset=\"https:\/\/daslatam.org\/daslatam\/wp-content\/uploads\/2022\/10\/marketing.jpeg 1024w, https:\/\/daslatam.org\/daslatam\/wp-content\/uploads\/2022\/10\/marketing-300x192.jpeg 300w, https:\/\/daslatam.org\/daslatam\/wp-content\/uploads\/2022\/10\/marketing-768x491.jpeg 768w, https:\/\/daslatam.org\/daslatam\/wp-content\/uploads\/2022\/10\/marketing-470x300.jpeg 470w\" sizes=\"auto, (max-width: 1024px) 100vw, 1024px\" \/><\/figure><div class=\"wp-block-media-text__content\">\n<h3 class=\"wp-block-heading has-medium-font-size\"><strong>Servicios para nuestros clientes<\/strong><\/h3>\n\n\n\n<p class=\"has-medium-font-size\">Campa\u00f1as de comunicaci\u00f3n. Servicios editoriales. Marketing. Audiovisual y Multimedia. Sitios Web, Bases de Datos y Soluciones Digitales. Gesti\u00f3n de eventos. Dise\u00f1o y servicios creativos.<\/p>\n<\/div><\/div>\n","protected":false},"excerpt":{"rendered":"<p>Formaci\u00f3n y Capacitaci\u00f3n para el Futuro Con DAS Campus impulsamos espacios de formaci\u00f3n virtual y presencial para personas, empresas e [&hellip;]<\/p>\n","protected":false},"author":2,"featured_media":0,"parent":0,"menu_order":0,"comment_status":"closed","ping_status":"closed","template":"","meta":{"googlesitekit_rrm_CAow1aHbCw:productID":"","site-sidebar-layout":"default","site-content-layout":"","ast-site-content-layout":"default","site-content-style":"default","site-sidebar-style":"default","ast-global-header-display":"","ast-banner-title-visibility":"","ast-main-header-display":"","ast-hfb-above-header-display":"","ast-hfb-below-header-display":"","ast-hfb-mobile-header-display":"","site-post-title":"","ast-breadcrumbs-content":"","ast-featured-img":"","footer-sml-layout":"","ast-disable-related-posts":"","theme-transparent-header-meta":"","adv-header-id-meta":"","stick-header-meta":"","header-above-stick-meta":"","header-main-stick-meta":"","header-below-stick-meta":"","astra-migrate-meta-layouts":"default","ast-page-background-enabled":"default","ast-page-background-meta":{"desktop":{"background-color":"var(--ast-global-color-5)","background-image":"","background-repeat":"repeat","background-position":"center center","background-size":"auto","background-attachment":"scroll","background-type":"","background-media":"","overlay-type":"","overlay-color":"","overlay-opacity":"","overlay-gradient":""},"tablet":{"background-color":"","background-image":"","background-repeat":"repeat","background-position":"center center","background-size":"auto","background-attachment":"scroll","background-type":"","background-media":"","overlay-type":"","overlay-color":"","overlay-opacity":"","overlay-gradient":""},"mobile":{"background-color":"","background-image":"","background-repeat":"repeat","background-position":"center center","background-size":"auto","background-attachment":"scroll","background-type":"","background-media":"","overlay-type":"","overlay-color":"","overlay-opacity":"","overlay-gradient":""}},"ast-content-background-meta":{"desktop":{"background-color":"var(--ast-global-color-4)","background-image":"","background-repeat":"repeat","background-position":"center center","background-size":"auto","background-attachment":"scroll","background-type":"","background-media":"","overlay-type":"","overlay-color":"","overlay-opacity":"","overlay-gradient":""},"tablet":{"background-color":"var(--ast-global-color-4)","background-image":"","background-repeat":"repeat","background-position":"center center","background-size":"auto","background-attachment":"scroll","background-type":"","background-media":"","overlay-type":"","overlay-color":"","overlay-opacity":"","overlay-gradient":""},"mobile":{"background-color":"var(--ast-global-color-4)","background-image":"","background-repeat":"repeat","background-position":"center center","background-size":"auto","background-attachment":"scroll","background-type":"","background-media":"","overlay-type":"","overlay-color":"","overlay-opacity":"","overlay-gradient":""}},"footnotes":""},"class_list":["post-6","page","type-page","status-publish","hentry"],"_links":{"self":[{"href":"https:\/\/daslatam.org\/daslatam\/wp-json\/wp\/v2\/pages\/6","targetHints":{"allow":["GET"]}}],"collection":[{"href":"https:\/\/daslatam.org\/daslatam\/wp-json\/wp\/v2\/pages"}],"about":[{"href":"https:\/\/daslatam.org\/daslatam\/wp-json\/wp\/v2\/types\/page"}],"author":[{"embeddable":true,"href":"https:\/\/daslatam.org\/daslatam\/wp-json\/wp\/v2\/users\/2"}],"replies":[{"embeddable":true,"href":"https:\/\/daslatam.org\/daslatam\/wp-json\/wp\/v2\/comments?post=6"}],"version-history":[{"count":4,"href":"https:\/\/daslatam.org\/daslatam\/wp-json\/wp\/v2\/pages\/6\/revisions"}],"predecessor-version":[{"id":995,"href":"https:\/\/daslatam.org\/daslatam\/wp-json\/wp\/v2\/pages\/6\/revisions\/995"}],"wp:attachment":[{"href":"https:\/\/daslatam.org\/daslatam\/wp-json\/wp\/v2\/media?parent=6"}],"curies":[{"name":"wp","href":"https:\/\/api.w.org\/{rel}","templated":true}]}}