{"id":5,"date":"2022-10-04T22:21:45","date_gmt":"2022-10-04T22:21:45","guid":{"rendered":"https:\/\/hiox.com.ar\/das\/?page_id=5"},"modified":"2025-05-08T10:05:49","modified_gmt":"2025-05-08T13:05:49","slug":"nuestro-trabajo","status":"publish","type":"page","link":"https:\/\/daslatam.org\/daslatam\/nuestro-trabajo\/","title":{"rendered":"Nuestro Trabajo"},"content":{"rendered":"\n<div data-gb-router-region=\"query-cec4b5b1\" class=\"gb-query-cec4b5b1\"><div class=\"gb-looper-8fd5425c\">\n<div class=\"gb-loop-item gb-loop-item-721b94a7 post-1009 post type-post status-publish format-standard has-post-thumbnail hentry category-pymes tag-argentina tag-proveedores tag-pymes tag-registros\">\n<img loading=\"lazy\" decoding=\"async\" width=\"2560\" height=\"1299\" data-media-id=\"1010\" class=\"gb-media-05fdd158\" src=\"https:\/\/daslatam.org\/daslatam\/wp-content\/uploads\/2025\/11\/image-scaled.png\" alt=\"Registros de Proveedores en Argentina y Organismos Internacionales\" srcset=\"https:\/\/daslatam.org\/daslatam\/wp-content\/uploads\/2025\/11\/image-scaled.png 2560w, https:\/\/daslatam.org\/daslatam\/wp-content\/uploads\/2025\/11\/image-300x152.png 300w, https:\/\/daslatam.org\/daslatam\/wp-content\/uploads\/2025\/11\/image-1024x520.png 1024w, https:\/\/daslatam.org\/daslatam\/wp-content\/uploads\/2025\/11\/image-768x390.png 768w, https:\/\/daslatam.org\/daslatam\/wp-content\/uploads\/2025\/11\/image-1536x780.png 1536w, https:\/\/daslatam.org\/daslatam\/wp-content\/uploads\/2025\/11\/image-2048x1040.png 2048w\" sizes=\"auto, (max-width: 2560px) 100vw, 2560px\" \/>\n\n\n\n<h3 class=\"gb-text gb-text-37a908e2\"><a href=\"https:\/\/daslatam.org\/daslatam\/guia-completa-registros-de-proveedores-en-argentina-y-organismos-internacionales\/\">Registros de Proveedores en Argentina y Organismos Internacionales<\/a><\/h3>\n\n\n<div class=\"wp-block-post-date\"><time datetime=\"2025-11-12T00:17:22-03:00\">2025<\/time><\/div>\n\n\n<p class=\"gb-text gb-text-ba4effc2\">En el marco de nuestro servicio de asesoramiento integral a nuevas PyMEs, desarrollamos esta gu\u00eda exhaustiva con todos los registros de proveedores nacionales, provinciales y organismos internacionales de cr\u00e9dito (PNUD, BID, BIRF, ONU, CAF).<\/p>\n<\/div>\n\n<div class=\"gb-loop-item gb-loop-item-721b94a7 post-1020 post type-post status-publish format-standard has-post-thumbnail hentry category-pymes tag-argentina tag-pymes tag-tecnologia-tics\">\n<img loading=\"lazy\" decoding=\"async\" width=\"1002\" height=\"612\" data-media-id=\"1021\" class=\"gb-media-05fdd158\" src=\"https:\/\/daslatam.org\/daslatam\/wp-content\/uploads\/2025\/12\/Captura-de-pantalla-2025-12-11-a-las-9.26.44-a.-m.png\" alt=\"C\u00f3mo construir una presencia corporativa profesional?\" srcset=\"https:\/\/daslatam.org\/daslatam\/wp-content\/uploads\/2025\/12\/Captura-de-pantalla-2025-12-11-a-las-9.26.44-a.-m.png 1002w, https:\/\/daslatam.org\/daslatam\/wp-content\/uploads\/2025\/12\/Captura-de-pantalla-2025-12-11-a-las-9.26.44-a.-m-300x183.png 300w, https:\/\/daslatam.org\/daslatam\/wp-content\/uploads\/2025\/12\/Captura-de-pantalla-2025-12-11-a-las-9.26.44-a.-m-768x469.png 768w\" sizes=\"auto, (max-width: 1002px) 100vw, 1002px\" \/>\n\n\n\n<h3 class=\"gb-text gb-text-37a908e2\"><a href=\"https:\/\/daslatam.org\/daslatam\/como-construir-una-presencia-corporativa-profesional\/\">C\u00f3mo construir una presencia corporativa profesional?<\/a><\/h3>\n\n\n<div class=\"wp-block-post-date\"><time datetime=\"2025-09-21T09:27:00-03:00\">2025<\/time><\/div>\n\n\n<p class=\"gb-text gb-text-ba4effc2\">Kit de Arranque Digital: C\u00f3mo construir una presencia corporativa profesional con (casi) cero presupuesto. Herramientas, estrategias y trucos para que tu startup se vea gigante desde el d\u00eda uno.<\/p>\n<\/div>\n\n<div class=\"gb-loop-item gb-loop-item-721b94a7 post-772 post type-post status-publish format-standard has-post-thumbnail hentry category-programa-bid-4802-oc-ar tag-argentina tag-bid tag-fiscal tag-salud tag-tecnologia-tics\">\n<img loading=\"lazy\" decoding=\"async\" width=\"2560\" height=\"793\" data-media-id=\"773\" class=\"gb-media-05fdd158\" src=\"https:\/\/daslatam.org\/daslatam\/wp-content\/uploads\/2025\/05\/samic-scaled.png\" alt=\"Programa de Apoyo a la Gesti\u00f3n Integrada del Gasto P\u00fablico\" srcset=\"https:\/\/daslatam.org\/daslatam\/wp-content\/uploads\/2025\/05\/samic-scaled.png 2560w, https:\/\/daslatam.org\/daslatam\/wp-content\/uploads\/2025\/05\/samic-300x93.png 300w, https:\/\/daslatam.org\/daslatam\/wp-content\/uploads\/2025\/05\/samic-1024x317.png 1024w, https:\/\/daslatam.org\/daslatam\/wp-content\/uploads\/2025\/05\/samic-768x238.png 768w, https:\/\/daslatam.org\/daslatam\/wp-content\/uploads\/2025\/05\/samic-1536x476.png 1536w, https:\/\/daslatam.org\/daslatam\/wp-content\/uploads\/2025\/05\/samic-2048x634.png 2048w\" sizes=\"auto, (max-width: 2560px) 100vw, 2560px\" \/>\n\n\n\n<h3 class=\"gb-text gb-text-37a908e2\"><a href=\"https:\/\/daslatam.org\/daslatam\/programa-de-apoyo-a-la-gestion-integrada-del-gasto-publico-2\/\">Programa de Apoyo a la Gesti\u00f3n Integrada del Gasto P\u00fablico<\/a><\/h3>\n\n\n<div class=\"wp-block-post-date\"><time datetime=\"2025-04-01T15:05:00-03:00\">2025<\/time><\/div>\n\n\n<p class=\"gb-text gb-text-ba4effc2\">Relevamiento e-SIDIF en Hospitales de la red SAMIC<\/p>\n<\/div>\n\n<div class=\"gb-loop-item gb-loop-item-721b94a7 post-768 post type-post status-publish format-standard has-post-thumbnail hentry category-cooperacion-bid tag-argentina tag-bid tag-fiscal tag-tecnologia-tics\">\n<img loading=\"lazy\" decoding=\"async\" width=\"1078\" height=\"558\" data-media-id=\"769\" class=\"gb-media-05fdd158\" src=\"https:\/\/daslatam.org\/daslatam\/wp-content\/uploads\/2025\/05\/cambioclimatico.png\" alt=\"Pol\u00edtica Fiscal para el Cambio Clim\u00e1tico: Apoyo al Ministerio de Econom\u00eda de Argentina\" srcset=\"https:\/\/daslatam.org\/daslatam\/wp-content\/uploads\/2025\/05\/cambioclimatico.png 1078w, https:\/\/daslatam.org\/daslatam\/wp-content\/uploads\/2025\/05\/cambioclimatico-300x155.png 300w, https:\/\/daslatam.org\/daslatam\/wp-content\/uploads\/2025\/05\/cambioclimatico-1024x530.png 1024w, https:\/\/daslatam.org\/daslatam\/wp-content\/uploads\/2025\/05\/cambioclimatico-768x398.png 768w\" sizes=\"auto, (max-width: 1078px) 100vw, 1078px\" \/>\n\n\n\n<h3 class=\"gb-text gb-text-37a908e2\"><a href=\"https:\/\/daslatam.org\/daslatam\/politica-fiscal-para-el-cambio-climatico-apoyo-al-ministerio-de-economia-de-argentina\/\">Pol\u00edtica Fiscal para el Cambio Clim\u00e1tico: Apoyo al Ministerio de Econom\u00eda de Argentina<\/a><\/h3>\n\n\n<div class=\"wp-block-post-date\"><time datetime=\"2024-09-02T14:58:00-03:00\">2024<\/time><\/div>\n\n\n<p class=\"gb-text gb-text-ba4effc2\">Relevamiento SIAF en Municipios de las provincias de Jujuy y Salta<\/p>\n<\/div>\n\n<div class=\"gb-loop-item gb-loop-item-721b94a7 post-762 post type-post status-publish format-standard has-post-thumbnail hentry category-profip-iii tag-argentina tag-bid tag-fiscal tag-tecnologia-tics\">\n<img loading=\"lazy\" decoding=\"async\" width=\"2162\" height=\"932\" data-media-id=\"763\" class=\"gb-media-05fdd158\" src=\"https:\/\/daslatam.org\/daslatam\/wp-content\/uploads\/2025\/05\/eSIDIF.png\" alt=\"Programa de Apoyo a la Gesti\u00f3n Integrada del Gasto P\u00fablico\" srcset=\"https:\/\/daslatam.org\/daslatam\/wp-content\/uploads\/2025\/05\/eSIDIF.png 2162w, https:\/\/daslatam.org\/daslatam\/wp-content\/uploads\/2025\/05\/eSIDIF-300x129.png 300w, https:\/\/daslatam.org\/daslatam\/wp-content\/uploads\/2025\/05\/eSIDIF-1024x441.png 1024w, https:\/\/daslatam.org\/daslatam\/wp-content\/uploads\/2025\/05\/eSIDIF-768x331.png 768w, https:\/\/daslatam.org\/daslatam\/wp-content\/uploads\/2025\/05\/eSIDIF-1536x662.png 1536w, https:\/\/daslatam.org\/daslatam\/wp-content\/uploads\/2025\/05\/eSIDIF-2048x883.png 2048w\" sizes=\"auto, (max-width: 2162px) 100vw, 2162px\" \/>\n\n\n\n<h3 class=\"gb-text gb-text-37a908e2\"><a href=\"https:\/\/daslatam.org\/daslatam\/programa-de-apoyo-a-la-gestion-integrada-del-gasto-publico\/\">Programa de Apoyo a la Gesti\u00f3n Integrada del Gasto P\u00fablico<\/a><\/h3>\n\n\n<div class=\"wp-block-post-date\"><time datetime=\"2024-05-05T14:45:00-03:00\">2024<\/time><\/div>\n\n\n<p class=\"gb-text gb-text-ba4effc2\">Asistencia para la implementaci\u00f3n del eSIDIF en las provincias<\/p>\n<\/div>\n\n<div class=\"gb-loop-item gb-loop-item-721b94a7 post-748 post type-post status-publish format-standard has-post-thumbnail hentry category-prestamo-fonplata-arg-51-2021 tag-argentina tag-desarrollo tag-fonplata\">\n<img loading=\"lazy\" decoding=\"async\" width=\"2560\" height=\"1436\" data-media-id=\"749\" class=\"gb-media-05fdd158\" src=\"https:\/\/daslatam.org\/daslatam\/wp-content\/uploads\/2025\/05\/armonico-scaled.png\" alt=\"Programa de Apoyo a la Convocatoria de Proyectos para el Desarrollo Arm\u00f3nico con Equilibrio Territorial\" srcset=\"https:\/\/daslatam.org\/daslatam\/wp-content\/uploads\/2025\/05\/armonico-scaled.png 2560w, https:\/\/daslatam.org\/daslatam\/wp-content\/uploads\/2025\/05\/armonico-300x168.png 300w, https:\/\/daslatam.org\/daslatam\/wp-content\/uploads\/2025\/05\/armonico-1024x574.png 1024w, https:\/\/daslatam.org\/daslatam\/wp-content\/uploads\/2025\/05\/armonico-768x431.png 768w, https:\/\/daslatam.org\/daslatam\/wp-content\/uploads\/2025\/05\/armonico-1536x862.png 1536w, https:\/\/daslatam.org\/daslatam\/wp-content\/uploads\/2025\/05\/armonico-2048x1149.png 2048w\" sizes=\"auto, (max-width: 2560px) 100vw, 2560px\" \/>\n\n\n\n<h3 class=\"gb-text gb-text-37a908e2\"><a href=\"https:\/\/daslatam.org\/daslatam\/programa-de-apoyo-a-la-convocatoria-de-proyectos-para-el-desarrollo-armonico-con-equilibrio-territorial\/\">Programa de Apoyo a la Convocatoria de Proyectos para el Desarrollo Arm\u00f3nico con Equilibrio Territorial<\/a><\/h3>\n\n\n<div class=\"wp-block-post-date\"><time datetime=\"2023-12-05T14:15:00-03:00\">2023<\/time><\/div>\n\n\n<p class=\"gb-text gb-text-ba4effc2\">Monitoreo y Evaluaci\u00f3n del Impacto del Proyecto.<\/p>\n<\/div>\n\n<div class=\"gb-loop-item gb-loop-item-721b94a7 post-643 post type-post status-publish format-standard has-post-thumbnail hentry category-proyecto-bid-ec-l1282 tag-bid tag-ecuador tag-educacion tag-tecnologia-tics\">\n<img loading=\"lazy\" decoding=\"async\" width=\"1466\" height=\"600\" data-media-id=\"644\" class=\"gb-media-05fdd158\" src=\"https:\/\/daslatam.org\/daslatam\/wp-content\/uploads\/2023\/06\/Captura-de-pantalla-2023-06-12-a-las-16.14.13.png\" alt=\"Reducci\u00f3n de la brecha educativa digital en Ecuador.\" srcset=\"https:\/\/daslatam.org\/daslatam\/wp-content\/uploads\/2023\/06\/Captura-de-pantalla-2023-06-12-a-las-16.14.13.png 1466w, https:\/\/daslatam.org\/daslatam\/wp-content\/uploads\/2023\/06\/Captura-de-pantalla-2023-06-12-a-las-16.14.13-300x123.png 300w, https:\/\/daslatam.org\/daslatam\/wp-content\/uploads\/2023\/06\/Captura-de-pantalla-2023-06-12-a-las-16.14.13-1024x419.png 1024w, https:\/\/daslatam.org\/daslatam\/wp-content\/uploads\/2023\/06\/Captura-de-pantalla-2023-06-12-a-las-16.14.13-768x314.png 768w\" sizes=\"auto, (max-width: 1466px) 100vw, 1466px\" \/>\n\n\n\n<h3 class=\"gb-text gb-text-37a908e2\"><a href=\"https:\/\/daslatam.org\/daslatam\/reduccion-de-la-brecha-educativa-digital-en-ecuador\/\">Reducci\u00f3n de la brecha educativa digital en Ecuador.<\/a><\/h3>\n\n\n<div class=\"wp-block-post-date\"><time datetime=\"2023-05-20T11:10:30-03:00\">2023<\/time><\/div>\n\n\n<p class=\"gb-text gb-text-ba4effc2\">An\u00e1lisis costo-beneficio para la preparaci\u00f3n de la operaci\u00f3n<\/p>\n<\/div>\n\n<div class=\"gb-loop-item gb-loop-item-721b94a7 post-653 post type-post status-publish format-standard has-post-thumbnail hentry category-proyecto-bid-ar-l1260 tag-argentina tag-bid tag-educacion\">\n<img loading=\"lazy\" decoding=\"async\" width=\"1492\" height=\"602\" data-media-id=\"654\" class=\"gb-media-05fdd158\" src=\"https:\/\/daslatam.org\/daslatam\/wp-content\/uploads\/2023\/06\/Captura-de-pantalla-2023-06-12-a-las-18.58.08.png\" alt=\"Integraci\u00f3n Urbana e Inclusi\u00f3n Social y Educativa de la CABA Divisi\u00f3n de Vivienda y Desarrollo Urbano\" srcset=\"https:\/\/daslatam.org\/daslatam\/wp-content\/uploads\/2023\/06\/Captura-de-pantalla-2023-06-12-a-las-18.58.08.png 1492w, https:\/\/daslatam.org\/daslatam\/wp-content\/uploads\/2023\/06\/Captura-de-pantalla-2023-06-12-a-las-18.58.08-300x121.png 300w, https:\/\/daslatam.org\/daslatam\/wp-content\/uploads\/2023\/06\/Captura-de-pantalla-2023-06-12-a-las-18.58.08-1024x413.png 1024w, https:\/\/daslatam.org\/daslatam\/wp-content\/uploads\/2023\/06\/Captura-de-pantalla-2023-06-12-a-las-18.58.08-768x310.png 768w\" sizes=\"auto, (max-width: 1492px) 100vw, 1492px\" \/>\n\n\n\n<h3 class=\"gb-text gb-text-37a908e2\"><a href=\"https:\/\/daslatam.org\/daslatam\/integracion-urbana-e-inclusion-social-y-educativa-de-la-caba-division-de-vivienda-y-desarrollo-urbano\/\">Integraci\u00f3n Urbana e Inclusi\u00f3n Social y Educativa de la CABA Divisi\u00f3n de Vivienda y Desarrollo Urbano<\/a><\/h3>\n\n\n<div class=\"wp-block-post-date\"><time datetime=\"2023-04-15T19:10:56-03:00\">2023<\/time><\/div>\n\n\n<p class=\"gb-text gb-text-ba4effc2\">Evaluaci\u00f3n Econ\u00f3mica Ex Post del proyecto, mediante una metodolog\u00eda de precios hed\u00f3nicos.<\/p>\n<\/div>\n\n<div class=\"gb-loop-item gb-loop-item-721b94a7 post-660 post type-post status-publish format-standard has-post-thumbnail hentry category-prestamo-no-4843-oc-ur tag-bid tag-tecnologia-tics tag-uruguay\">\n<img loading=\"lazy\" decoding=\"async\" width=\"1436\" height=\"500\" data-media-id=\"661\" class=\"gb-media-05fdd158\" src=\"https:\/\/daslatam.org\/daslatam\/wp-content\/uploads\/2023\/06\/Captura-de-pantalla-2023-06-12-a-las-19.18.49.png\" alt=\"Fortalecimiento de la Ciberseguridad en Uruguay. Agencia de Gobierno electr\u00f3nico y Sociedad de la Informaci\u00f3n y del Conocimiento.\" srcset=\"https:\/\/daslatam.org\/daslatam\/wp-content\/uploads\/2023\/06\/Captura-de-pantalla-2023-06-12-a-las-19.18.49.png 1436w, https:\/\/daslatam.org\/daslatam\/wp-content\/uploads\/2023\/06\/Captura-de-pantalla-2023-06-12-a-las-19.18.49-300x104.png 300w, https:\/\/daslatam.org\/daslatam\/wp-content\/uploads\/2023\/06\/Captura-de-pantalla-2023-06-12-a-las-19.18.49-1024x357.png 1024w, https:\/\/daslatam.org\/daslatam\/wp-content\/uploads\/2023\/06\/Captura-de-pantalla-2023-06-12-a-las-19.18.49-768x267.png 768w\" sizes=\"auto, (max-width: 1436px) 100vw, 1436px\" \/>\n\n\n\n<h3 class=\"gb-text gb-text-37a908e2\"><a href=\"https:\/\/daslatam.org\/daslatam\/fortalecimiento-de-la-ciberseguridad-en-uruguay-agencia-de-gobierno-electronico-y-sociedad-de-la-informacion-y-del-conocimiento\/\">Fortalecimiento de la Ciberseguridad en Uruguay. Agencia de Gobierno electr\u00f3nico y Sociedad de la Informaci\u00f3n y del Conocimiento.<\/a><\/h3>\n\n\n<div class=\"wp-block-post-date\"><time datetime=\"2023-03-22T09:23:34-03:00\">2023<\/time><\/div>\n\n\n<p class=\"gb-text gb-text-ba4effc2\">Evaluaci\u00f3n integral del Programa de\nFortalecimiento de Ciberseguridad<\/p>\n<\/div>\n\n<div class=\"gb-loop-item gb-loop-item-721b94a7 post-657 post type-post status-publish format-standard has-post-thumbnail hentry category-proyecto-co-l1155 tag-bid tag-colombia tag-fiscal\">\n<img loading=\"lazy\" decoding=\"async\" width=\"1762\" height=\"600\" data-media-id=\"658\" class=\"gb-media-05fdd158\" src=\"https:\/\/daslatam.org\/daslatam\/wp-content\/uploads\/2023\/06\/Captura-de-pantalla-2023-06-12-a-las-19.11.35.png\" alt=\"Fortalecimiento Fiscal y del Gasto en Inversi\u00f3n P\u00fablica para Municipios, sus Entidades Descentralizadas y \u00c1reas Metropolitanas\" srcset=\"https:\/\/daslatam.org\/daslatam\/wp-content\/uploads\/2023\/06\/Captura-de-pantalla-2023-06-12-a-las-19.11.35.png 1762w, https:\/\/daslatam.org\/daslatam\/wp-content\/uploads\/2023\/06\/Captura-de-pantalla-2023-06-12-a-las-19.11.35-300x102.png 300w, https:\/\/daslatam.org\/daslatam\/wp-content\/uploads\/2023\/06\/Captura-de-pantalla-2023-06-12-a-las-19.11.35-1024x349.png 1024w, https:\/\/daslatam.org\/daslatam\/wp-content\/uploads\/2023\/06\/Captura-de-pantalla-2023-06-12-a-las-19.11.35-768x262.png 768w, https:\/\/daslatam.org\/daslatam\/wp-content\/uploads\/2023\/06\/Captura-de-pantalla-2023-06-12-a-las-19.11.35-1536x523.png 1536w\" sizes=\"auto, (max-width: 1762px) 100vw, 1762px\" \/>\n\n\n\n<h3 class=\"gb-text gb-text-37a908e2\"><a href=\"https:\/\/daslatam.org\/daslatam\/fortalecimiento-fiscal-y-del-gasto-en-inversion-publica-para-municipios-sus-entidades-descentralizadas-y-areas-metropolitanas\/\">Fortalecimiento Fiscal y del Gasto en Inversi\u00f3n P\u00fablica para Municipios, sus Entidades Descentralizadas y \u00c1reas Metropolitanas<\/a><\/h3>\n\n\n<div class=\"wp-block-post-date\"><time datetime=\"2023-03-03T13:17:03-03:00\">2023<\/time><\/div>\n\n\n<p class=\"gb-text gb-text-ba4effc2\">Informe de Terminaci\u00f3n de Proyecto que\nanaliza y describe los resultados alcanzados por el segundo pr\u00e9stamo individual bajo la\nL\u00ednea de Cr\u00e9dito Condicional para Proyectos de Inversi\u00f3n (CCLIP)<\/p>\n<\/div>\n\n<div class=\"gb-loop-item gb-loop-item-721b94a7 post-663 post type-post status-publish format-standard has-post-thumbnail hentry category-proyecto-bid-ar-l1367 tag-argentina tag-bid tag-educacion\">\n<img loading=\"lazy\" decoding=\"async\" width=\"1208\" height=\"602\" data-media-id=\"664\" class=\"gb-media-05fdd158\" src=\"https:\/\/daslatam.org\/daslatam\/wp-content\/uploads\/2023\/06\/Captura-de-pantalla-2023-06-12-a-las-19.27.27.png\" alt=\"Acompa\u00f1amiento de las Trayectorias Educativas en la Provincia de Buenos Aires.2023 \u2013 BID, Educaci\u00f3n, Argentina.\" srcset=\"https:\/\/daslatam.org\/daslatam\/wp-content\/uploads\/2023\/06\/Captura-de-pantalla-2023-06-12-a-las-19.27.27.png 1208w, https:\/\/daslatam.org\/daslatam\/wp-content\/uploads\/2023\/06\/Captura-de-pantalla-2023-06-12-a-las-19.27.27-300x150.png 300w, https:\/\/daslatam.org\/daslatam\/wp-content\/uploads\/2023\/06\/Captura-de-pantalla-2023-06-12-a-las-19.27.27-1024x510.png 1024w, https:\/\/daslatam.org\/daslatam\/wp-content\/uploads\/2023\/06\/Captura-de-pantalla-2023-06-12-a-las-19.27.27-768x383.png 768w\" sizes=\"auto, (max-width: 1208px) 100vw, 1208px\" \/>\n\n\n\n<h3 class=\"gb-text gb-text-37a908e2\"><a href=\"https:\/\/daslatam.org\/daslatam\/acompanamiento-de-las-trayectorias-educativas-en-la-provincia-de-buenos-aires-2023-bid-educacion-argentina\/\">Acompa\u00f1amiento de las Trayectorias Educativas en la Provincia de Buenos Aires.2023 &#8211; BID, Educaci\u00f3n, Argentina.<\/a><\/h3>\n\n\n<div class=\"wp-block-post-date\"><time datetime=\"2023-02-09T14:45:05-03:00\">2023<\/time><\/div>\n\n\n<p class=\"gb-text gb-text-ba4effc2\">Evaluaci\u00f3n econ\u00f3mica ex ante del Proyecto de manera de demostrar su viabilidad econ\u00f3mica y financiera.<\/p>\n<\/div>\n\n<div class=\"gb-loop-item gb-loop-item-721b94a7 post-169 post type-post status-publish format-standard has-post-thumbnail hentry category-prestamo-bid-ur-l1141 tag-bid tag-educacion tag-uruguay\">\n<img loading=\"lazy\" decoding=\"async\" width=\"897\" height=\"300\" data-media-id=\"191\" class=\"gb-media-05fdd158\" src=\"https:\/\/daslatam.org\/daslatam\/wp-content\/uploads\/2022\/10\/Captura-de-Pantalla-2022-10-18-a-las-22.31.10.png\" alt=\"Aprendizajes y Competencias de los estudiantes de ense\u00f1anza primaria y media b\u00e1sica\" srcset=\"https:\/\/daslatam.org\/daslatam\/wp-content\/uploads\/2022\/10\/Captura-de-Pantalla-2022-10-18-a-las-22.31.10.png 897w, https:\/\/daslatam.org\/daslatam\/wp-content\/uploads\/2022\/10\/Captura-de-Pantalla-2022-10-18-a-las-22.31.10-300x100.png 300w, https:\/\/daslatam.org\/daslatam\/wp-content\/uploads\/2022\/10\/Captura-de-Pantalla-2022-10-18-a-las-22.31.10-768x257.png 768w, https:\/\/daslatam.org\/daslatam\/wp-content\/uploads\/2022\/10\/Captura-de-Pantalla-2022-10-18-a-las-22.31.10-500x167.png 500w\" sizes=\"auto, (max-width: 897px) 100vw, 897px\" \/>\n\n\n\n<h3 class=\"gb-text gb-text-37a908e2\"><a href=\"https:\/\/daslatam.org\/daslatam\/aprendizajes-y-competencias-de-los-estudiantes-de-ensenanza-primaria-y-media-basica\/\">Aprendizajes y Competencias de los estudiantes de ense\u00f1anza primaria y media b\u00e1sica<\/a><\/h3>\n\n\n<div class=\"wp-block-post-date\"><time datetime=\"2022-10-18T00:00:41-03:00\">2022<\/time><\/div>\n\n\n<p class=\"gb-text gb-text-ba4effc2\">An\u00e1lisis Costo- Beneficio y Costo- Efectividad Ex Post<\/p>\n<\/div>\n<\/div>\n\n\n<div class=\"gb-element-4f9cd31a gb-query-loop-pagination\">\n\n<nav class=\"gb-query-page-numbers-6d823e1d\"><span aria-current=\"page\" class=\"page-numbers current\">1<\/span>\n<a data-gb-prefetch data-gb-router-target=\"query-cec4b5b1\" class=\"page-numbers\" href=\"?query-cec4b5b1-page=2\">2<\/a>\n<a data-gb-prefetch data-gb-router-target=\"query-cec4b5b1\" class=\"page-numbers\" href=\"?query-cec4b5b1-page=3\">3<\/a><\/nav>\n\n\n<a data-gb-prefetch data-gb-router-target=\"query-cec4b5b1\" class=\"gb-text gb-text-83bef9f8\" href=\"\/daslatam\/wp-json\/wp\/v2\/pages\/5?query-cec4b5b1-page=2\">Siguente<\/a>\n<\/div>\n\n\n<\/div>\n","protected":false},"excerpt":{"rendered":"","protected":false},"author":2,"featured_media":0,"parent":0,"menu_order":0,"comment_status":"closed","ping_status":"closed","template":"","meta":{"googlesitekit_rrm_CAow1aHbCw:productID":"","site-sidebar-layout":"default","site-content-layout":"","ast-site-content-layout":"default","site-content-style":"default","site-sidebar-style":"default","ast-global-header-display":"","ast-banner-title-visibility":"","ast-main-header-display":"","ast-hfb-above-header-display":"","ast-hfb-below-header-display":"","ast-hfb-mobile-header-display":"","site-post-title":"","ast-breadcrumbs-content":"","ast-featured-img":"","footer-sml-layout":"","ast-disable-related-posts":"","theme-transparent-header-meta":"","adv-header-id-meta":"","stick-header-meta":"","header-above-stick-meta":"","header-main-stick-meta":"","header-below-stick-meta":"","astra-migrate-meta-layouts":"default","ast-page-background-enabled":"default","ast-page-background-meta":{"desktop":{"background-color":"var(--ast-global-color-5)","background-image":"","background-repeat":"repeat","background-position":"center center","background-size":"auto","background-attachment":"scroll","background-type":"","background-media":"","overlay-type":"","overlay-color":"","overlay-opacity":"","overlay-gradient":""},"tablet":{"background-color":"","background-image":"","background-repeat":"repeat","background-position":"center center","background-size":"auto","background-attachment":"scroll","background-type":"","background-media":"","overlay-type":"","overlay-color":"","overlay-opacity":"","overlay-gradient":""},"mobile":{"background-color":"","background-image":"","background-repeat":"repeat","background-position":"center center","background-size":"auto","background-attachment":"scroll","background-type":"","background-media":"","overlay-type":"","overlay-color":"","overlay-opacity":"","overlay-gradient":""}},"ast-content-background-meta":{"desktop":{"background-color":"var(--ast-global-color-4)","background-image":"","background-repeat":"repeat","background-position":"center center","background-size":"auto","background-attachment":"scroll","background-type":"","background-media":"","overlay-type":"","overlay-color":"","overlay-opacity":"","overlay-gradient":""},"tablet":{"background-color":"var(--ast-global-color-4)","background-image":"","background-repeat":"repeat","background-position":"center center","background-size":"auto","background-attachment":"scroll","background-type":"","background-media":"","overlay-type":"","overlay-color":"","overlay-opacity":"","overlay-gradient":""},"mobile":{"background-color":"var(--ast-global-color-4)","background-image":"","background-repeat":"repeat","background-position":"center center","background-size":"auto","background-attachment":"scroll","background-type":"","background-media":"","overlay-type":"","overlay-color":"","overlay-opacity":"","overlay-gradient":""}},"footnotes":""},"class_list":["post-5","page","type-page","status-publish","hentry"],"_links":{"self":[{"href":"https:\/\/daslatam.org\/daslatam\/wp-json\/wp\/v2\/pages\/5","targetHints":{"allow":["GET"]}}],"collection":[{"href":"https:\/\/daslatam.org\/daslatam\/wp-json\/wp\/v2\/pages"}],"about":[{"href":"https:\/\/daslatam.org\/daslatam\/wp-json\/wp\/v2\/types\/page"}],"author":[{"embeddable":true,"href":"https:\/\/daslatam.org\/daslatam\/wp-json\/wp\/v2\/users\/2"}],"replies":[{"embeddable":true,"href":"https:\/\/daslatam.org\/daslatam\/wp-json\/wp\/v2\/comments?post=5"}],"version-history":[{"count":13,"href":"https:\/\/daslatam.org\/daslatam\/wp-json\/wp\/v2\/pages\/5\/revisions"}],"predecessor-version":[{"id":1018,"href":"https:\/\/daslatam.org\/daslatam\/wp-json\/wp\/v2\/pages\/5\/revisions\/1018"}],"wp:attachment":[{"href":"https:\/\/daslatam.org\/daslatam\/wp-json\/wp\/v2\/media?parent=5"}],"curies":[{"name":"wp","href":"https:\/\/api.w.org\/{rel}","templated":true}]}}